{"id":129,"date":"2020-02-13T03:39:42","date_gmt":"2020-02-13T03:39:42","guid":{"rendered":"https:\/\/www.festivalmalvazija.si\/domov\/"},"modified":"2026-03-14T06:14:29","modified_gmt":"2026-03-14T06:14:29","slug":"domov","status":"publish","type":"page","link":"https:\/\/www.festivalmalvazija.si\/it\/","title":{"rendered":"Festival Malvazija"},"content":{"rendered":"<p>[vc_row css_animation=&#8221;&#8221; row_type=&#8221;row&#8221; use_row_as_full_screen_section=&#8221;no&#8221; type=&#8221;grid&#8221; angled_section=&#8221;no&#8221; text_align=&#8221;left&#8221; background_image_as_pattern=&#8221;without_pattern&#8221; z_index=&#8221;&#8221; padding_top=&#8221;100&#8243; anchor=&#8221;o-festivalu&#8221;][vc_column width=&#8221;2\/3&#8243;][vc_column_text]<\/p>\n<h1>28\u00b0 Festival della malvasia istriana<\/h1>\n<h2>21 marzo 2026<\/h2>\n<h2>Hotel Slovenia, Portorose<\/h2>\n<p>[\/vc_column_text][vc_separator type=&#8221;small&#8221; position=&#8221;left&#8221; color=&#8221;#000000&#8243; transparency=&#8221;1&#8243; thickness=&#8221;1&#8243; width=&#8221;91&#8243; up=&#8221;50&#8243; down=&#8221;50&#8243;][vc_column_text]<\/p>\n<p>Quest&#8217;anno il Festival della malvasia istriana torna in tre atti e raggiunge il suo <strong>momento centrale sabato 21 marzo 2026<\/strong> presso il Centro Congressi dell\u2019Hotel Slovenija. La giornata principale del festival a Portorose \u00e8 dedicata al grande pubblico, con degustazioni di Malvasia per tutta la giornata, incontri con i produttori e un\u2019atmosfera rilassata di festa sul mare. Settanta produttori provenienti dall\u2019Istria slovena, dal Collio, dal Carso, dalla Valle del Vipacco, dall\u2019Istria croata e dall\u2019Italia presenteranno oltre 150 etichette di Malvasia.<\/p>\n<p>&nbsp;<\/p>\n<p>Anche la 28\u00aa edizione del festival offrir\u00e0 degustazioni di Malvasie d\u2019eccellenza e laboratori tematici. Non perdete l\u2019occasione di scoprire la variet\u00e0 e la qualit\u00e0 della Malvasia e di entrare in contatto con viticoltrici e viticoltori, oltre che con gli appassionati di vino.<\/p>\n<p>&nbsp;<\/p>\n<p>Festeggiamenti e attivit\u00e0 del festival inizieranno quest\u2019anno con serate culinarie in tutta la Slovenia, denominate Malvazija Tour, e proseguiranno venerd\u00ec 20 marzo alle ore 16.00 con un simposio presso la cantina Vinakoper, rivolto ai viticoltori e al pubblico specializzato. Al centro dell\u2019attenzione ci sar\u00e0 il dibattito sulla malvasia, sul suo sviluppo e sul suo futuro, nonch\u00e9 sulla nuova legge sul vino.<\/p>\n<p>&nbsp;<\/p>\n<p>Vi invitiamo a far parte di un festival che conquista con la sua combinazione unica di gusto e conoscenza!<\/p>\n<p>[\/vc_column_text][vc_separator type=&#8221;transparent&#8221; thickness=&#8221;1&#8243; up=&#8221;30&#8243;][\/vc_column][vc_column width=&#8221;1\/3&#8243;][vc_single_image image=&#8221;2083&#8243; img_size=&#8221;300&#215;600&#8243; alignment=&#8221;center&#8221; qode_css_animation=&#8221;&#8221;][\/vc_column][\/vc_row][vc_row css_animation=&#8221;&#8221; row_type=&#8221;row&#8221; use_row_as_full_screen_section=&#8221;no&#8221; type=&#8221;grid&#8221; angled_section=&#8221;no&#8221; text_align=&#8221;center&#8221; background_image_as_pattern=&#8221;without_pattern&#8221; z_index=&#8221;&#8221; padding_top=&#8221;100&#8243; anchor=&#8221;program&#8221;][vc_column][vc_column_text]<\/p>\n<h1>Programma<\/h1>\n<p>[\/vc_column_text][vc_separator type=&#8221;small&#8221; position=&#8221;center&#8221; color=&#8221;#000000&#8243; transparency=&#8221;1&#8243; thickness=&#8221;1&#8243; width=&#8221;91&#8243; up=&#8221;50&#8243; down=&#8221;50&#8243;][vc_row_inner row_type=&#8221;row&#8221; type=&#8221;full_width&#8221; text_align=&#8221;left&#8221; css_animation=&#8221;&#8221;][vc_column_inner][vc_column_text]<\/p>\n<h3 style=\"text-align: center;\">Sabato, 21\/3\/2026<\/h3>\n<p>&nbsp;<\/p>\n<p style=\"text-align: center;\">16.00\u201320.30 Degustazioni di malvasia<\/p>\n<p>&nbsp;<\/p>\n<p style=\"text-align: center;\"><strong>LABORATORI<\/strong><\/p>\n<p style=\"text-align: center;\">17.00 Dall\u2019Istria alla vetta del mondo \u2013 Bo\u0161tjan Zidar (Vinakoper)<br \/>\n18.00 Violino o malvasia, un abbraccio sinestetico \u2013 Liliana Savioli, sommelier (laboratorio<br \/>\nin lingua Italiana)<br \/>\n19.00 Tutti i volti della Malvasia \u2013 Simona \u010cesen, sommelier (attuale campionessa<br \/>\nnazionale di sommelier)<\/p>\n<p>[\/vc_column_text][\/vc_column_inner][\/vc_row_inner][\/vc_column][\/vc_row][vc_row css_animation=&#8221;&#8221; row_type=&#8221;row&#8221; use_row_as_full_screen_section=&#8221;no&#8221; type=&#8221;grid&#8221; angled_section=&#8221;no&#8221; text_align=&#8221;left&#8221; background_image_as_pattern=&#8221;without_pattern&#8221; z_index=&#8221;&#8221; padding_top=&#8221;100&#8243;][vc_column][vc_gallery type=&#8221;image_grid&#8221; images=&#8221;1429,2086,933,2096,1773,1249,2054,1111,1141,2090,1923,1059&#8243; img_size=&#8221;500&#215;400&#8243; column_number=&#8221;4&#8243; grayscale=&#8221;no&#8221; images_space=&#8221;gallery_with_space&#8221;][\/vc_column][\/vc_row][vc_row css_animation=&#8221;&#8221; row_type=&#8221;row&#8221; use_row_as_full_screen_section=&#8221;no&#8221; type=&#8221;grid&#8221; angled_section=&#8221;no&#8221; text_align=&#8221;center&#8221; background_image_as_pattern=&#8221;without_pattern&#8221; z_index=&#8221;&#8221; padding_top=&#8221;100&#8243; anchor=&#8221;vinarji&#8221;][vc_column][vc_column_text]<\/p>\n<h1 style=\"text-align: center;\">Vignaioli<\/h1>\n<h1 style=\"text-align: center;\"><\/h1>\n<p>[\/vc_column_text][vc_separator type=&#8221;small&#8221; position=&#8221;center&#8221; color=&#8221;#000000&#8243; transparency=&#8221;1&#8243; thickness=&#8221;1&#8243; width=&#8221;91&#8243; up=&#8221;50&#8243; down=&#8221;50&#8243;][vc_column_text]<\/p>\n<h3 style=\"text-align: center;\">ISTRIA SLOVENA<\/h3>\n<p>&nbsp;<\/p>\n<p style=\"text-align: center;\">BIO-VINA MONTIS &amp; EKO LAURA<\/p>\n<p style=\"text-align: center;\">BORDON<\/p>\n<p style=\"text-align: center;\">DOMA\u010cIJA RA\u017dMAN<\/p>\n<p style=\"text-align: center;\">DRU\u017dINSKO POSESTVO ROJAC<\/p>\n<p style=\"text-align: center;\">EKO VINO PLAHUTA<\/p>\n<p style=\"text-align: center;\">EKOLO\u0160KO VINOGRADNI\u0160TVO RODICA<\/p>\n<p style=\"text-align: center;\">EKOLO\u0160KA VINA BESEDNJAK<\/p>\n<p style=\"text-align: center;\">GORDIA<\/p>\n<p style=\"text-align: center;\">KMETIJA BUTUL<\/p>\n<p style=\"text-align: center;\">KMETIJA JOGAN DAMIJAN<\/p>\n<p style=\"text-align: center;\">KMETIJA KRMAC<\/p>\n<p style=\"text-align: center;\">KMETIJA MAHNI\u010c<\/p>\n<p style=\"text-align: center;\">PRIBAC VINA<\/p>\n<p style=\"text-align: center;\">KORENIKA &amp; MO\u0160KON<\/p>\n<p style=\"text-align: center;\">MONTEMORO<\/p>\n<p style=\"text-align: center;\">PUCER Z VRHA<\/p>\n<p style=\"text-align: center;\">SANTOMAS<\/p>\n<p style=\"text-align: center;\">VINAKOPER<\/p>\n<p style=\"text-align: center;\">VINA IVAN\u010cI\u010c<\/p>\n<p style=\"text-align: center;\">VINA MARKE\u017dI\u010c<\/p>\n<p style=\"text-align: center;\">VINA MARKOVI\u010c<\/p>\n<p style=\"text-align: center;\">VINA RATO\u0160A<\/p>\n<p style=\"text-align: center;\">VINSKA KLET BRI\u010c<\/p>\n<p style=\"text-align: center;\">VINSKA KLET KRALJ<\/p>\n<p style=\"text-align: center;\">VINSKA KLET ROBI &amp; DORJANO KORENIKA<\/p>\n<p style=\"text-align: center;\">ZARO<\/p>\n<p>&nbsp;<\/p>\n<h3 style=\"text-align: center;\">CARSO<\/h3>\n<p>&nbsp;<\/p>\n<p style=\"text-align: center;\">KMETIJA GRGI\u010c (MURVA)<\/p>\n<p style=\"text-align: center;\">VINAKRAS z. o. o. Se\u017eana<\/p>\n<p style=\"text-align: center;\">VINA KOBAL<\/p>\n<p style=\"text-align: center;\">VINA SANABOR<\/p>\n<p style=\"text-align: center;\">VINA SLAMI\u010c<\/p>\n<p>&nbsp;<\/p>\n<h3 style=\"text-align: center;\">VALLE DEL VIPACCO<\/h3>\n<p>&nbsp;<\/p>\n<p style=\"text-align: center;\">KMETIJA CIGOJ<\/p>\n<p style=\"text-align: center;\">POSESTVO FERJAN\u010cI\u010c<\/p>\n<p style=\"text-align: center;\">MIHELJ WINES<\/p>\n<p style=\"text-align: center;\">VINA \u010cUK<\/p>\n<p style=\"text-align: center;\">VINA GU\u0160TIN<\/p>\n<p style=\"text-align: center;\">VIPAVA 1894, D. O. O.<\/p>\n<div style=\"text-align: center;\">POSESTVO \u0160TOKELJ<br \/>\nVINA BRIC<\/div>\n<p>[\/vc_column_text][vc_separator type=&#8221;transparent&#8221; thickness=&#8221;1&#8243; up=&#8221;20&#8243;][vc_column_text]<\/p>\n<h3 style=\"text-align: center;\">BRDA<\/h3>\n<div><\/div>\n<div style=\"text-align: center;\">VINI NOUE MARINI\u010c<\/div>\n<p>[\/vc_column_text][vc_separator type=&#8221;transparent&#8221; thickness=&#8221;1&#8243; up=&#8221;20&#8243;][vc_column_text]<\/p>\n<h3 style=\"text-align: center;\">ISTRIA CROATA<\/h3>\n<p>&nbsp;<\/p>\n<p style=\"text-align: center;\">COSLOVICH ISTRIAN WINES<\/p>\n<p style=\"text-align: center;\">DAMJANI\u0106 WINES<\/p>\n<p style=\"text-align: center;\">DEGRASSI WINES<\/p>\n<p style=\"text-align: center;\">FIORE VINA<\/p>\n<p style=\"text-align: center;\">FRANC ARMAN<\/p>\n<p style=\"text-align: center;\">MONTEROSSO, D. O. O.<\/p>\n<p style=\"text-align: center;\">TERZOLO<\/p>\n<p style=\"text-align: center;\">TOMAZ WINERY<\/p>\n<p style=\"text-align: center;\">VERALDA<\/p>\n<p style=\"text-align: center;\">VINARIJA FRANKOVI\u0106<\/p>\n<p style=\"text-align: center;\">VINA POLEIS<\/p>\n<p style=\"text-align: center;\">VINA PRELAC<\/p>\n<p style=\"text-align: center;\">ZIGANTE VERO<\/p>\n<p style=\"text-align: center;\">VINISTRA: FAKIN, LEGOVINA, OPG KADUM IVAN, RADANOVI\u0106 WINERY, VINA BR\u010cI\u010c, VALENTA WINES<\/p>\n<p>&nbsp;<\/p>\n<h3 style=\"text-align: center;\">ITALIA<\/h3>\n<p>&nbsp;<\/p>\n<p style=\"text-align: center;\">LENARDON<\/p>\n<p style=\"text-align: center;\">SOC. AGR. HUMAR MARINO &amp; C. S. S.<\/p>\n<p style=\"text-align: center;\">VENICA &amp; VENICA<\/p>\n<p>[\/vc_column_text][\/vc_column][\/vc_row][vc_row css_animation=&#8221;&#8221; row_type=&#8221;row&#8221; use_row_as_full_screen_section=&#8221;no&#8221; type=&#8221;grid&#8221; angled_section=&#8221;no&#8221; text_align=&#8221;center&#8221; background_image_as_pattern=&#8221;without_pattern&#8221; z_index=&#8221;&#8221; padding_top=&#8221;100&#8243; anchor=&#8221;pokrovitelji&#8221;][vc_column][vc_column_text]<\/p>\n<h1 style=\"text-align: center;\">Sponsor<\/h1>\n<p>[\/vc_column_text][vc_separator type=&#8221;small&#8221; position=&#8221;center&#8221; color=&#8221;#000000&#8243; transparency=&#8221;1&#8243; thickness=&#8221;1&#8243; width=&#8221;91&#8243; up=&#8221;50&#8243; down=&#8221;50&#8243;][vc_row_inner row_type=&#8221;row&#8221; type=&#8221;full_width&#8221; text_align=&#8221;left&#8221; css_animation=&#8221;&#8221;][vc_column_inner width=&#8221;1\/3&#8243;][vc_single_image image=&#8221;47&#8243; img_size=&#8221;500&#215;500&#8243; alignment=&#8221;center&#8221; onclick=&#8221;custom_link&#8221; img_link_target=&#8221;_blank&#8221; qode_css_animation=&#8221;&#8221; link=&#8221;https:\/\/www.piran.si\/&#8221;][vc_separator type=&#8221;transparent&#8221; thickness=&#8221;1&#8243; up=&#8221;30&#8243;][\/vc_column_inner][vc_column_inner width=&#8221;1\/3&#8243;][vc_single_image image=&#8221;151&#8243; img_size=&#8221;500&#215;500&#8243; alignment=&#8221;center&#8221; onclick=&#8221;custom_link&#8221; img_link_target=&#8221;_blank&#8221; qode_css_animation=&#8221;&#8221; link=&#8221;https:\/\/www.portoroz.si\/si\/&#8221;][vc_separator type=&#8221;transparent&#8221; thickness=&#8221;1&#8243; up=&#8221;30&#8243;][\/vc_column_inner][vc_column_inner width=&#8221;1\/3&#8243;][vc_single_image image=&#8221;45&#8243; img_size=&#8221;500&#215;500&#8243; alignment=&#8221;center&#8221; onclick=&#8221;custom_link&#8221; img_link_target=&#8221;_blank&#8221; qode_css_animation=&#8221;&#8221; link=&#8221;https:\/\/www.lifeclass.net\/&#8221;][vc_separator type=&#8221;transparent&#8221; thickness=&#8221;1&#8243; up=&#8221;30&#8243;][\/vc_column_inner][\/vc_row_inner][vc_row_inner row_type=&#8221;row&#8221; type=&#8221;full_width&#8221; text_align=&#8221;left&#8221; css_animation=&#8221;&#8221;][vc_column_inner width=&#8221;1\/3&#8243;][vc_single_image image=&#8221;166&#8243; img_size=&#8221;500&#215;500&#8243; alignment=&#8221;center&#8221; onclick=&#8221;custom_link&#8221; img_link_target=&#8221;_blank&#8221; qode_css_animation=&#8221;&#8221; link=&#8221;http:\/\/www.vinakoper.si\/&#8221;][vc_separator type=&#8221;transparent&#8221; thickness=&#8221;1&#8243; up=&#8221;30&#8243;][\/vc_column_inner][vc_column_inner width=&#8221;1\/3&#8243;][vc_single_image image=&#8221;540&#8243; img_size=&#8221;500&#215;500&#8243; alignment=&#8221;center&#8221; onclick=&#8221;custom_link&#8221; img_link_target=&#8221;_blank&#8221; qode_css_animation=&#8221;&#8221; link=&#8221;https:\/\/www.aza.si\/&#8221;][vc_separator type=&#8221;transparent&#8221; thickness=&#8221;1&#8243; up=&#8221;30&#8243;][\/vc_column_inner][vc_column_inner width=&#8221;1\/3&#8243;][vc_single_image image=&#8221;376&#8243; img_size=&#8221;500&#215;500&#8243; alignment=&#8221;center&#8221; onclick=&#8221;custom_link&#8221; img_link_target=&#8221;_blank&#8221; qode_css_animation=&#8221;&#8221; link=&#8221;http:\/\/avditorij.si\/&#8221;][vc_separator type=&#8221;transparent&#8221; thickness=&#8221;1&#8243; up=&#8221;30&#8243;][\/vc_column_inner][\/vc_row_inner][vc_row_inner row_type=&#8221;row&#8221; type=&#8221;full_width&#8221; text_align=&#8221;left&#8221; css_animation=&#8221;&#8221;][vc_column_inner width=&#8221;1\/3&#8243;][vc_single_image image=&#8221;2166&#8243; img_size=&#8221;500&#215;500&#8243; alignment=&#8221;center&#8221; onclick=&#8221;custom_link&#8221; img_link_target=&#8221;_blank&#8221; qode_css_animation=&#8221;&#8221; link=&#8221;https:\/\/www.zmkt.si\/&#8221;][vc_separator type=&#8221;transparent&#8221; thickness=&#8221;1&#8243; up=&#8221;30&#8243;][\/vc_column_inner][vc_column_inner width=&#8221;1\/3&#8243;][vc_single_image image=&#8221;2164&#8243; img_size=&#8221;500&#215;500&#8243; alignment=&#8221;center&#8221; onclick=&#8221;custom_link&#8221; img_link_target=&#8221;_blank&#8221; qode_css_animation=&#8221;&#8221; link=&#8221;https:\/\/radio1.svet24.si\/&#8221;][vc_separator type=&#8221;transparent&#8221; thickness=&#8221;1&#8243; up=&#8221;30&#8243;][\/vc_column_inner][vc_column_inner width=&#8221;1\/3&#8243;][vc_single_image image=&#8221;2162&#8243; img_size=&#8221;500&#215;500&#8243; alignment=&#8221;center&#8221; onclick=&#8221;custom_link&#8221; img_link_target=&#8221;_blank&#8221; qode_css_animation=&#8221;&#8221; link=&#8221;https:\/\/www.radiocapris.si\/&#8221;][vc_separator type=&#8221;transparent&#8221; thickness=&#8221;1&#8243; up=&#8221;30&#8243;][\/vc_column_inner][\/vc_row_inner][vc_row_inner row_type=&#8221;row&#8221; type=&#8221;full_width&#8221; text_align=&#8221;left&#8221; css_animation=&#8221;&#8221;][vc_column_inner width=&#8221;1\/3&#8243;][vc_single_image image=&#8221;321&#8243; img_size=&#8221;500&#215;500&#8243; alignment=&#8221;center&#8221; onclick=&#8221;custom_link&#8221; img_link_target=&#8221;_blank&#8221; qode_css_animation=&#8221;&#8221; link=&#8221;https:\/\/agraria-koper.si\/&#8221;][vc_separator type=&#8221;transparent&#8221; thickness=&#8221;1&#8243; up=&#8221;30&#8243;][\/vc_column_inner][vc_column_inner width=&#8221;1\/3&#8243;][vc_single_image image=&#8221;49&#8243; img_size=&#8221;500&#215;500&#8243; alignment=&#8221;center&#8221; onclick=&#8221;custom_link&#8221; img_link_target=&#8221;_blank&#8221; qode_css_animation=&#8221;&#8221; link=&#8221;http:\/\/www.super-e.si\/&#8221;][vc_separator type=&#8221;transparent&#8221; thickness=&#8221;1&#8243; up=&#8221;30&#8243;][\/vc_column_inner][vc_column_inner width=&#8221;1\/3&#8243;][vc_single_image image=&#8221;193&#8243; img_size=&#8221;500&#215;500&#8243; alignment=&#8221;center&#8221; onclick=&#8221;custom_link&#8221; img_link_target=&#8221;_blank&#8221; qode_css_animation=&#8221;&#8221; link=&#8221;https:\/\/www.facebook.com\/zlatarnatomovski\/&#8221;][vc_separator type=&#8221;transparent&#8221; thickness=&#8221;1&#8243; up=&#8221;50&#8243;][\/vc_column_inner][\/vc_row_inner][vc_row_inner row_type=&#8221;row&#8221; type=&#8221;full_width&#8221; text_align=&#8221;left&#8221; css_animation=&#8221;&#8221;][vc_column_inner width=&#8221;1\/3&#8243;][vc_single_image image=&#8221;195&#8243; img_size=&#8221;500&#215;500&#8243; alignment=&#8221;center&#8221; onclick=&#8221;custom_link&#8221; img_link_target=&#8221;_blank&#8221; qode_css_animation=&#8221;&#8221; link=&#8221;https:\/\/www.avtonova.si\/&#8221;][vc_separator type=&#8221;transparent&#8221; thickness=&#8221;1&#8243; up=&#8221;30&#8243;][\/vc_column_inner][vc_column_inner width=&#8221;1\/3&#8243;][vc_single_image image=&#8221;517&#8243; img_size=&#8221;500&#215;500&#8243; alignment=&#8221;center&#8221; onclick=&#8221;custom_link&#8221; img_link_target=&#8221;_blank&#8221; qode_css_animation=&#8221;&#8221; link=&#8221;https:\/\/www.vitrum.si\/&#8221;][vc_separator type=&#8221;transparent&#8221; thickness=&#8221;1&#8243; up=&#8221;30&#8243;][\/vc_column_inner][vc_column_inner width=&#8221;1\/3&#8243;][vc_single_image image=&#8221;2156&#8243; img_size=&#8221;500&#215;500&#8243; alignment=&#8221;center&#8221; onclick=&#8221;custom_link&#8221; img_link_target=&#8221;_blank&#8221; qode_css_animation=&#8221;&#8221; link=&#8221;https:\/\/service.apartmentsap.si\/&#8221;][vc_separator type=&#8221;transparent&#8221; thickness=&#8221;1&#8243; up=&#8221;30&#8243;][\/vc_column_inner][\/vc_row_inner][vc_row_inner row_type=&#8221;row&#8221; type=&#8221;full_width&#8221; text_align=&#8221;left&#8221; css_animation=&#8221;&#8221;][vc_column_inner width=&#8221;1\/3&#8243;][vc_single_image image=&#8221;2168&#8243; img_size=&#8221;500&#215;500&#8243; alignment=&#8221;center&#8221; onclick=&#8221;custom_link&#8221; img_link_target=&#8221;_blank&#8221; qode_css_animation=&#8221;&#8221; link=&#8221;https:\/\/www.facebook.com\/sparklingoysters\/&#8221;][vc_separator type=&#8221;transparent&#8221; thickness=&#8221;1&#8243; up=&#8221;30&#8243;][\/vc_column_inner][vc_column_inner width=&#8221;1\/3&#8243;][vc_single_image image=&#8221;2170&#8243; img_size=&#8221;500&#215;500&#8243; alignment=&#8221;center&#8221; onclick=&#8221;custom_link&#8221; img_link_target=&#8221;_blank&#8221; qode_css_animation=&#8221;&#8221; link=&#8221;https:\/\/norisushi.si\/&#8221;][vc_separator type=&#8221;transparent&#8221; thickness=&#8221;1&#8243; up=&#8221;30&#8243;][\/vc_column_inner][vc_column_inner width=&#8221;1\/3&#8243;][vc_separator type=&#8221;transparent&#8221; thickness=&#8221;1&#8243; up=&#8221;30&#8243;][\/vc_column_inner][\/vc_row_inner][\/vc_column][\/vc_row][vc_row css_animation=&#8221;&#8221; row_type=&#8221;row&#8221; use_row_as_full_screen_section=&#8221;no&#8221; type=&#8221;grid&#8221; angled_section=&#8221;no&#8221; text_align=&#8221;center&#8221; background_image_as_pattern=&#8221;without_pattern&#8221; z_index=&#8221;&#8221; padding_top=&#8221;100&#8243;][vc_column][vc_column_text]<\/p>\n<h1 style=\"text-align: center;\">Quota di partecipazione<\/h1>\n<p>[\/vc_column_text][vc_separator type=&#8221;small&#8221; position=&#8221;center&#8221; color=&#8221;#000000&#8243; transparency=&#8221;1&#8243; thickness=&#8221;1&#8243; width=&#8221;91&#8243; up=&#8221;50&#8243; down=&#8221;50&#8243;][vc_column_text]<\/p>\n<p style=\"text-align: center;\"><span id=\"[12,14]\" class=\"word\">25<\/span>\u00a0<span id=\"[15,16]\" class=\"word\">\u20ac<\/span><br \/>\n<span id=\"[44,46]\" class=\"word\">20<\/span>\u00a0<span id=\"[47,48]\" class=\"word\">\u20ac<\/span> <span id=\"[49,50]\" class=\"word\">&#8211;<\/span> <span id=\"[51,60]\" class=\"word\">Sommelier<\/span> <span id=\"[61,63]\" class=\"word\">in<\/span> <span id=\"[64,72]\" class=\"word\">uniforme<\/span> <span id=\"[73,74]\" class=\"word\">e<\/span> <span id=\"[75,83]\" class=\"word\">studenti<\/span><\/p>\n<p>[\/vc_column_text][\/vc_column][\/vc_row][vc_row css_animation=&#8221;&#8221; row_type=&#8221;row&#8221; use_row_as_full_screen_section=&#8221;no&#8221; type=&#8221;grid&#8221; angled_section=&#8221;no&#8221; text_align=&#8221;center&#8221; background_image_as_pattern=&#8221;without_pattern&#8221; z_index=&#8221;&#8221; padding_top=&#8221;100&#8243; anchor=&#8221;lokacija-kontakt&#8221;][vc_column][vc_column_text]<\/p>\n<h1>Posizione e contatto<\/h1>\n<p>[\/vc_column_text][vc_separator type=&#8221;small&#8221; position=&#8221;center&#8221; color=&#8221;#000000&#8243; transparency=&#8221;1&#8243; thickness=&#8221;1&#8243; width=&#8221;91&#8243; up=&#8221;50&#8243; down=&#8221;50&#8243;][vc_column_text]+386 41 642 851 \u2022 <a href=\"mailto:festival.malvazija@gmail.com\">festival.malvazija@gmail.com<\/a>[\/vc_column_text][vc_separator type=&#8221;transparent&#8221; thickness=&#8221;1&#8243; up=&#8221;50&#8243;][vc_gmaps link=&#8221;#E-8_JTNDaWZyYW1lJTIwc3JjJTNEJTIyaHR0cHMlM0ElMkYlMkZ3d3cuZ29vZ2xlLmNvbSUyRm1hcHMlMkZlbWJlZCUzRnBiJTNEJTIxMW0xOCUyMTFtMTIlMjExbTMlMjExZDI3OTUuNzkzNTcwNzY4MjY2NCUyMTJkMTMuNTg3MDcyOTUxODMwMjY5JTIxM2Q0NS41MTQyMzM5Nzg5OTg5NDUlMjEybTMlMjExZjAlMjEyZjAlMjEzZjAlMjEzbTIlMjExaTEwMjQlMjEyaTc2OCUyMTRmMTMuMSUyMTNtMyUyMTFtMiUyMTFzMHg0NzdiNjUyYmM1NDg3MTQzJTI1M0EweGY2MmJjZDU1YjI4ODQ5Y2MlMjEyc01pbmQlMjUyMEhvdGVsJTI1MjBTbG92ZW5pamElMjUyMC0lMjUyMExpZmVDbGFzcyUyNTIwSG90ZWxzJTI1MjAlMjUyNiUyNTIwU3BhJTIxNWUwJTIxM20yJTIxMXNlbiUyMTJzc2klMjE0djE2NzQwNDI0Mjc2NzAlMjE1bTIlMjExc2VuJTIxMnNzaSUyMiUyMHdpZHRoJTNEJTIyNjAwJTIyJTIwaGVpZ2h0JTNEJTIyNDUwJTIyJTIwc3R5bGUlM0QlMjJib3JkZXIlM0EwJTNCJTIyJTIwYWxsb3dmdWxsc2NyZWVuJTNEJTIyJTIyJTIwbG9hZGluZyUzRCUyMmxhenklMjIlMjByZWZlcnJlcnBvbGljeSUzRCUyMm5vLXJlZmVycmVyLXdoZW4tZG93bmdyYWRlJTIyJTNFJTNDJTJGaWZyYW1lJTNF&#8221; size=&#8221;300&#8243;][\/vc_column][\/vc_row][vc_row css_animation=&#8221;&#8221; row_type=&#8221;row&#8221; use_row_as_full_screen_section=&#8221;no&#8221; type=&#8221;grid&#8221; angled_section=&#8221;no&#8221; text_align=&#8221;left&#8221; background_image_as_pattern=&#8221;without_pattern&#8221; z_index=&#8221;&#8221; padding_top=&#8221;100&#8243; padding_bottom=&#8221;60&#8243;][vc_column][vc_column_text]<\/p>\n<h1 style=\"text-align: center;\">Organizzatore<\/h1>\n<p>[\/vc_column_text][vc_separator type=&#8221;small&#8221; position=&#8221;center&#8221; color=&#8221;#000000&#8243; transparency=&#8221;1&#8243; thickness=&#8221;1&#8243; width=&#8221;91&#8243; up=&#8221;50&#8243; down=&#8221;50&#8243;][vc_single_image image=&#8221;13&#8243; img_size=&#8221;medium&#8221; alignment=&#8221;center&#8221; qode_css_animation=&#8221;&#8221;][\/vc_column][\/vc_row][vc_row css_animation=&#8221;&#8221; row_type=&#8221;row&#8221; use_row_as_full_screen_section=&#8221;no&#8221; type=&#8221;full_width&#8221; angled_section=&#8221;no&#8221; text_align=&#8221;left&#8221; background_image_as_pattern=&#8221;without_pattern&#8221;][vc_column][\/vc_column][\/vc_row]<\/p>\n","protected":false},"excerpt":{"rendered":"<p>[vc_row css_animation=&#8221;&#8221; row_type=&#8221;row&#8221; use_row_as_full_screen_section=&#8221;no&#8221; type=&#8221;grid&#8221; angled_section=&#8221;no&#8221; text_align=&#8221;left&#8221; background_image_as_pattern=&#8221;without_pattern&#8221; z_index=&#8221;&#8221; padding_top=&#8221;100&#8243; anchor=&#8221;o-festivalu&#8221;][vc_column width=&#8221;2\/3&#8243;][vc_column_text] 28\u00b0 Festival della malvasia istriana 21 marzo 2026 Hotel Slovenia, Portorose [\/vc_column_text][vc_separator type=&#8221;small&#8221; position=&#8221;left&#8221; color=&#8221;#000000&#8243; transparency=&#8221;1&#8243; thickness=&#8221;1&#8243; width=&#8221;91&#8243; up=&#8221;50&#8243; down=&#8221;50&#8243;][vc_column_text] Quest&#8217;anno il Festival della malvasia istriana torna in tre atti e raggiunge il&#8230;<\/p>\n","protected":false},"author":1,"featured_media":0,"parent":0,"menu_order":0,"comment_status":"closed","ping_status":"open","template":"full_width.php","meta":[],"_links":{"self":[{"href":"https:\/\/www.festivalmalvazija.si\/it\/wp-json\/wp\/v2\/pages\/129"}],"collection":[{"href":"https:\/\/www.festivalmalvazija.si\/it\/wp-json\/wp\/v2\/pages"}],"about":[{"href":"https:\/\/www.festivalmalvazija.si\/it\/wp-json\/wp\/v2\/types\/page"}],"author":[{"embeddable":true,"href":"https:\/\/www.festivalmalvazija.si\/it\/wp-json\/wp\/v2\/users\/1"}],"replies":[{"embeddable":true,"href":"https:\/\/www.festivalmalvazija.si\/it\/wp-json\/wp\/v2\/comments?post=129"}],"version-history":[{"count":107,"href":"https:\/\/www.festivalmalvazija.si\/it\/wp-json\/wp\/v2\/pages\/129\/revisions"}],"predecessor-version":[{"id":2175,"href":"https:\/\/www.festivalmalvazija.si\/it\/wp-json\/wp\/v2\/pages\/129\/revisions\/2175"}],"wp:attachment":[{"href":"https:\/\/www.festivalmalvazija.si\/it\/wp-json\/wp\/v2\/media?parent=129"}],"curies":[{"name":"wp","href":"https:\/\/api.w.org\/{rel}","templated":true}]}}